{"id":757,"date":"2022-05-11T15:57:41","date_gmt":"2022-05-11T15:57:41","guid":{"rendered":"https:\/\/www.catatrips.com\/new\/?page_id=757"},"modified":"2022-05-11T15:59:18","modified_gmt":"2022-05-11T15:59:18","slug":"ocean-tour-reservas","status":"publish","type":"page","link":"https:\/\/www.catatrips.com\/new\/tours-diarios\/ocean-tour-reservas\/","title":{"rendered":"Ocean Tour \u2013 Reservas"},"content":{"rendered":"<div><\/div>\n<div class=\"kad-icon-box-32 kad-icon-box \"><i class=\"icon-pencil\" style=\"font-size:60px;\"><\/i>\n<h4>FORMULARIO DE RESERVA &#8211; OCEAN TOUR<\/h4>\n<p>Rellene el formulario de reserva.<\/p>\n<\/div><style type=\"text\/css\" media=\"screen\">.kad-icon-box-32 {background:#151C38;} .kad-icon-box-32, .kad-icon-box-32 h1, .kad-icon-box-32 h2, .kad-icon-box-32 h3, .kad-icon-box-32 h4, .kad-icon-box-32 h5 {color:#ffffff !important;} .kad-icon-box-32:hover {background:;} .kad-icon-box-32:hover, .kad-icon-box-32:hover h1, .kad-icon-box-32:hover h2, .kad-icon-box-32:hover h3, .kad-icon-box-32:hover h4, .kad-icon-box-32:hover h5 {color:#ffffff !important;}<\/style>\n\n<div class=\"wpcf7 no-js\" id=\"wpcf7-f756-o1\" lang=\"es-ES\" dir=\"ltr\" data-wpcf7-id=\"756\">\n<div class=\"screen-reader-response\"><p role=\"status\" aria-live=\"polite\" aria-atomic=\"true\"><\/p> <ul><\/ul><\/div>\n<form action=\"\/new\/wp-json\/wp\/v2\/pages\/757#wpcf7-f756-o1\" method=\"post\" class=\"wpcf7-form init\" aria-label=\"Formulario de contacto\" novalidate=\"novalidate\" data-status=\"init\">\n<fieldset class=\"hidden-fields-container\"><input type=\"hidden\" name=\"_wpcf7\" value=\"756\" \/><input type=\"hidden\" name=\"_wpcf7_version\" value=\"6.1.5\" \/><input type=\"hidden\" name=\"_wpcf7_locale\" value=\"es_ES\" \/><input type=\"hidden\" name=\"_wpcf7_unit_tag\" value=\"wpcf7-f756-o1\" \/><input type=\"hidden\" name=\"_wpcf7_container_post\" value=\"0\" \/><input type=\"hidden\" name=\"_wpcf7_posted_data_hash\" value=\"\" \/><input type=\"hidden\" name=\"_wpcf7_recaptcha_response\" value=\"\" \/>\n<\/fieldset>\n<p>Nombre (requerido)\n<\/p>\n<p><span class=\"wpcf7-form-control-wrap\" data-name=\"your-name\"><input size=\"40\" maxlength=\"400\" class=\"wpcf7-form-control wpcf7-text wpcf7-validates-as-required\" aria-required=\"true\" aria-invalid=\"false\" value=\"\" type=\"text\" name=\"your-name\" \/><\/span>\n<\/p>\n<p>Tel\u00e9fono (requerido)\n<\/p>\n<p><span class=\"wpcf7-form-control-wrap\" data-name=\"telefono\"><input size=\"40\" maxlength=\"400\" class=\"wpcf7-form-control wpcf7-tel wpcf7-validates-as-required wpcf7-text wpcf7-validates-as-tel\" aria-required=\"true\" aria-invalid=\"false\" value=\"\" type=\"tel\" name=\"telefono\" \/><\/span>\n<\/p>\n<p>Correo electr\u00f3nico (requerido)\n<\/p>\n<p><span class=\"wpcf7-form-control-wrap\" data-name=\"your-email\"><input size=\"40\" maxlength=\"400\" class=\"wpcf7-form-control wpcf7-email wpcf7-validates-as-required wpcf7-text wpcf7-validates-as-email\" aria-required=\"true\" aria-invalid=\"false\" value=\"\" type=\"email\" name=\"your-email\" \/><\/span>\n<\/p>\n<p>N\u00ba de Personas (requerido)\n<\/p>\n<p><span class=\"wpcf7-form-control-wrap\" data-name=\"Tripulantes\"><select class=\"wpcf7-form-control wpcf7-select wpcf7-validates-as-required\" aria-required=\"true\" aria-invalid=\"false\" name=\"Tripulantes\"><option value=\"1\">1<\/option><option value=\"2\">2<\/option><option value=\"3\">3<\/option><option value=\"4\">4<\/option><option value=\"5\">5<\/option><option value=\"6\">6<\/option><option value=\"7\">7<\/option><option value=\"8\">8<\/option><\/select><\/span>\n<\/p>\n<p>D\u00eda (requerido)\n<\/p>\n<p><span class=\"wpcf7-form-control-wrap\" data-name=\"Fecha\"><input class=\"wpcf7-form-control wpcf7-date wpcf7-validates-as-required wpcf7-validates-as-date\" aria-required=\"true\" aria-invalid=\"false\" value=\"\" type=\"date\" name=\"Fecha\" \/><\/span>\n<\/p>\n<p><span class=\"wpcf7-form-control-wrap\" data-name=\"aceptalorpd\"><span class=\"wpcf7-form-control wpcf7-acceptance\"><span class=\"wpcf7-list-item\"><input type=\"checkbox\" name=\"aceptalorpd\" value=\"1\" aria-invalid=\"false\" \/><\/span><\/span><\/span> Clic en la casilla para aceptaci\u00f3n de terminos: En cumplimiento de la legislaci\u00f3n espa\u00f1ola vigente en materia de protecci\u00f3n de datos de car\u00e1cter personal y del reglamento europeo RGPD 679\/2016 le informamos que sus datos est\u00e1n siendo objeto de tratamiento por parte de Catatrips Charters N\u00e1ticos FuerteVentura, con la finalidad del mantenimiento y gesti\u00f3n de relaciones comerciales y administrativas. La base jur\u00eddica del tratamiento es el cumplimiento de la legislaci\u00f3n fiscal, mercantil y contable. No se prev\u00e9n cesiones y\/o transferencias internacionales de datos. Para ejercitar sus derechos puede dirigirse por email a info@catatrips.com, con el fin de ejercer sus derechos de acceso, rectificaci\u00f3n, supresi\u00f3n (derecho al olvido), limitaci\u00f3n de tratamiento, portabilidad de los datos, oposici\u00f3n, y a no ser objeto de decisiones automatizadas, indicando como Asunto: \u201cDerechos Ley Protecci\u00f3n de Datos\u201d, y adjuntando fotocopia de su DNI.\n<\/p>\n<p><input class=\"wpcf7-form-control wpcf7-submit has-spinner\" type=\"submit\" value=\"Enviar\" \/>\n<\/p><div class=\"wpcf7-response-output\" aria-hidden=\"true\"><\/div>\n<\/form>\n<\/div>\n\n<div class=\"kad-spacer clearfix\" style=\"height:50px\"><\/div>\n","protected":false},"excerpt":{"rendered":"","protected":false},"author":1,"featured_media":0,"parent":141,"menu_order":0,"comment_status":"closed","ping_status":"closed","template":"","meta":{"jetpack_post_was_ever_published":false,"footnotes":""},"class_list":["post-757","page","type-page","status-publish","hentry"],"jetpack_sharing_enabled":true,"jetpack_shortlink":"https:\/\/wp.me\/P579iR-cd","_links":{"self":[{"href":"https:\/\/www.catatrips.com\/new\/wp-json\/wp\/v2\/pages\/757","targetHints":{"allow":["GET"]}}],"collection":[{"href":"https:\/\/www.catatrips.com\/new\/wp-json\/wp\/v2\/pages"}],"about":[{"href":"https:\/\/www.catatrips.com\/new\/wp-json\/wp\/v2\/types\/page"}],"author":[{"embeddable":true,"href":"https:\/\/www.catatrips.com\/new\/wp-json\/wp\/v2\/users\/1"}],"replies":[{"embeddable":true,"href":"https:\/\/www.catatrips.com\/new\/wp-json\/wp\/v2\/comments?post=757"}],"version-history":[{"count":2,"href":"https:\/\/www.catatrips.com\/new\/wp-json\/wp\/v2\/pages\/757\/revisions"}],"predecessor-version":[{"id":760,"href":"https:\/\/www.catatrips.com\/new\/wp-json\/wp\/v2\/pages\/757\/revisions\/760"}],"up":[{"embeddable":true,"href":"https:\/\/www.catatrips.com\/new\/wp-json\/wp\/v2\/pages\/141"}],"wp:attachment":[{"href":"https:\/\/www.catatrips.com\/new\/wp-json\/wp\/v2\/media?parent=757"}],"curies":[{"name":"wp","href":"https:\/\/api.w.org\/{rel}","templated":true}]}}