{"id":382,"date":"2016-06-28T10:11:02","date_gmt":"2016-06-28T10:11:02","guid":{"rendered":"https:\/\/www.catatrips.com\/new\/?page_id=382"},"modified":"2016-06-28T10:41:22","modified_gmt":"2016-06-28T10:41:22","slug":"panel-de-reservas","status":"publish","type":"page","link":"https:\/\/www.catatrips.com\/new\/panel-de-reservas\/","title":{"rendered":"Panel de Reservas"},"content":{"rendered":"<div><\/div><p>&nbsp;<\/p>\n<div class=\"kt-simple-box\" style=\"background-color:rgba(221, 169, 90, 0.6); min-height:1px; padding-top:15px; padding-bottom:15px; padding-left:15px; padding-right:15px; \"><div class=\"kt-simple-box-inner\">\n<p>Podr\u00e1s cancelar o modificar tu reserva a trav\u00e9s de este formulario. Recuerda comprobar las condiciones de cancelaci\u00f3n de reservas antes de hacer ning\u00fan cambio. Las reservas no reembolsables y ofertas especiales pueden tener unas condiciones de cancelaci\u00f3n diferentes. Las condiciones de cancelaci\u00f3n espec\u00edficas de cada reserva aparecen junto al tipo de servicio reservado, en el apartado Condiciones.<\/p>\n<\/div><\/div>\n<div class=\"hrule clearfix\" style=\" height:1px\"><\/div>\n[easy_edit]\n","protected":false},"excerpt":{"rendered":"<p>&nbsp; [easy_edit]<\/p>\n","protected":false},"author":1,"featured_media":0,"parent":0,"menu_order":0,"comment_status":"closed","ping_status":"closed","template":"page-fullwidth.php","meta":{"jetpack_post_was_ever_published":false,"footnotes":""},"class_list":["post-382","page","type-page","status-publish","hentry"],"jetpack_sharing_enabled":true,"jetpack_shortlink":"https:\/\/wp.me\/P579iR-6a","_links":{"self":[{"href":"https:\/\/www.catatrips.com\/new\/wp-json\/wp\/v2\/pages\/382","targetHints":{"allow":["GET"]}}],"collection":[{"href":"https:\/\/www.catatrips.com\/new\/wp-json\/wp\/v2\/pages"}],"about":[{"href":"https:\/\/www.catatrips.com\/new\/wp-json\/wp\/v2\/types\/page"}],"author":[{"embeddable":true,"href":"https:\/\/www.catatrips.com\/new\/wp-json\/wp\/v2\/users\/1"}],"replies":[{"embeddable":true,"href":"https:\/\/www.catatrips.com\/new\/wp-json\/wp\/v2\/comments?post=382"}],"version-history":[{"count":7,"href":"https:\/\/www.catatrips.com\/new\/wp-json\/wp\/v2\/pages\/382\/revisions"}],"predecessor-version":[{"id":390,"href":"https:\/\/www.catatrips.com\/new\/wp-json\/wp\/v2\/pages\/382\/revisions\/390"}],"wp:attachment":[{"href":"https:\/\/www.catatrips.com\/new\/wp-json\/wp\/v2\/media?parent=382"}],"curies":[{"name":"wp","href":"https:\/\/api.w.org\/{rel}","templated":true}]}}